{"id":91,"date":"2024-03-27T02:21:50","date_gmt":"2024-03-27T02:21:50","guid":{"rendered":"https:\/\/fruitbedrijfvanwestreenen.nl\/home\/"},"modified":"2026-02-11T15:46:28","modified_gmt":"2026-02-11T15:46:28","slug":"home","status":"publish","type":"page","link":"https:\/\/fruitbedrijfvanwestreenen.nl\/pl\/","title":{"rendered":"Home"},"content":{"rendered":"\t\t<div data-elementor-type=\"wp-page\" data-elementor-id=\"91\" class=\"elementor elementor-91\" data-elementor-post-type=\"page\">\n\t\t\t\t<div class=\"elementor-element elementor-element-68084794 e-con-full e-flex e-con e-parent\" data-id=\"68084794\" data-element_type=\"container\" data-e-type=\"container\" data-settings=\"{&quot;background_background&quot;:&quot;classic&quot;}\">\n\t\t<div class=\"elementor-element elementor-element-551c8334 e-flex e-con-boxed e-con e-child\" data-id=\"551c8334\" data-element_type=\"container\" data-e-type=\"container\">\n\t\t\t\t\t<div class=\"e-con-inner\">\n\t\t\t\t\t<\/div>\n\t\t\t\t<\/div>\n\t\t<div class=\"elementor-element elementor-element-16ed3747 animated-fast e-con-full elementor-hidden-mobile elementor-hidden-tablet e-flex elementor-invisible e-con e-child\" data-id=\"16ed3747\" data-element_type=\"container\" data-e-type=\"container\" data-settings=\"{&quot;background_background&quot;:&quot;classic&quot;,&quot;animation&quot;:&quot;slideInUp&quot;,&quot;animation_delay&quot;:600}\">\n\t\t<div class=\"elementor-element elementor-element-6cd2d8d5 e-con-full e-flex e-con e-child\" data-id=\"6cd2d8d5\" data-element_type=\"container\" data-e-type=\"container\">\n\t\t\t\t<div class=\"elementor-element elementor-element-1a2e942 elementor-widget__width-inherit elementor-invisible elementor-widget elementor-widget-heading\" data-id=\"1a2e942\" data-element_type=\"widget\" data-e-type=\"widget\" data-settings=\"{&quot;_animation&quot;:&quot;fadeIn&quot;}\" data-widget_type=\"heading.default\">\n\t\t\t\t<div class=\"elementor-widget-container\">\n\t\t\t\t\t<h1 class=\"elementor-heading-title elementor-size-default\">Fruitplukkers gezocht!<\/h1>\t\t\t\t<\/div>\n\t\t\t\t<\/div>\n\t\t\t\t<\/div>\n\t\t\t\t<\/div>\n\t\t<div class=\"elementor-element elementor-element-cdf0e0a animated-fast e-con-full elementor-hidden-desktop e-flex elementor-invisible e-con e-child\" data-id=\"cdf0e0a\" data-element_type=\"container\" data-e-type=\"container\" data-settings=\"{&quot;background_background&quot;:&quot;classic&quot;,&quot;animation&quot;:&quot;slideInUp&quot;,&quot;animation_delay&quot;:600}\">\n\t\t<div class=\"elementor-element elementor-element-2db4865 e-con-full e-flex e-con e-child\" data-id=\"2db4865\" data-element_type=\"container\" data-e-type=\"container\">\n\t\t\t\t<div class=\"elementor-element elementor-element-6c4de31 elementor-invisible elementor-widget elementor-widget-heading\" data-id=\"6c4de31\" data-element_type=\"widget\" data-e-type=\"widget\" data-settings=\"{&quot;_animation&quot;:&quot;fadeIn&quot;}\" data-widget_type=\"heading.default\">\n\t\t\t\t<div class=\"elementor-widget-container\">\n\t\t\t\t\t<h1 class=\"elementor-heading-title elementor-size-default\">Fruitplukkers gezocht!<\/h1>\t\t\t\t<\/div>\n\t\t\t\t<\/div>\n\t\t\t\t<\/div>\n\t\t\t\t<\/div>\n\t\t\t\t<\/div>\n\t\t<div class=\"elementor-element elementor-element-29b1b034 e-flex e-con-boxed e-con e-parent\" data-id=\"29b1b034\" data-element_type=\"container\" data-e-type=\"container\" data-settings=\"{&quot;background_background&quot;:&quot;classic&quot;}\">\n\t\t\t\t\t<div class=\"e-con-inner\">\n\t\t<div class=\"elementor-element elementor-element-6b19d233 e-con-full e-flex e-con e-child\" data-id=\"6b19d233\" data-element_type=\"container\" data-e-type=\"container\">\n\t\t\t\t<div class=\"elementor-element elementor-element-691e601d elementor-invisible elementor-widget elementor-widget-heading\" data-id=\"691e601d\" data-element_type=\"widget\" data-e-type=\"widget\" data-settings=\"{&quot;_animation&quot;:&quot;fadeIn&quot;}\" data-widget_type=\"heading.default\">\n\t\t\t\t<div class=\"elementor-widget-container\">\n\t\t\t\t\t<h2 class=\"elementor-heading-title elementor-size-default\">Het plukseizoen gaat van start \u2013 kom jij ons team versterken?<\/h2>\t\t\t\t<\/div>\n\t\t\t\t<\/div>\n\t\t\t\t<div class=\"elementor-element elementor-element-3399b456 elementor-invisible elementor-widget elementor-widget-text-editor\" data-id=\"3399b456\" data-element_type=\"widget\" data-e-type=\"widget\" data-settings=\"{&quot;_animation&quot;:&quot;fadeIn&quot;,&quot;_animation_delay&quot;:200}\" data-widget_type=\"text-editor.default\">\n\t\t\t\t<div class=\"elementor-widget-container\">\n\t\t\t\t\t\t\t\t\t<p><span style=\"font-weight: 400;\">Op <\/span><b>maandag 25 augustus <\/b><span style=\"font-weight: 400;\">starten we bij Fruitbedrijf van Westreenen met het plukken van onze heerlijke appels en peren. Wil jij deel uitmaken van ons gezellige plukteam? Lees snel verder en solliciteer direct!<\/span><\/p>\t\t\t\t\t\t\t\t<\/div>\n\t\t\t\t<\/div>\n\t\t\t\t<div class=\"elementor-element elementor-element-1002232a elementor-widget-tablet__width-inherit elementor-invisible elementor-widget elementor-widget-heading\" data-id=\"1002232a\" data-element_type=\"widget\" data-e-type=\"widget\" data-settings=\"{&quot;_animation&quot;:&quot;fadeIn&quot;}\" data-widget_type=\"heading.default\">\n\t\t\t\t<div class=\"elementor-widget-container\">\n\t\t\t\t\t<h2 class=\"elementor-heading-title elementor-size-default\">Wat ga je doen?<\/h2>\t\t\t\t<\/div>\n\t\t\t\t<\/div>\n\t\t<div class=\"elementor-element elementor-element-607179f5 e-con-full e-flex e-con e-child\" data-id=\"607179f5\" data-element_type=\"container\" data-e-type=\"container\">\n\t\t\t\t<div class=\"elementor-element elementor-element-afa993e elementor-widget elementor-widget-text-editor\" data-id=\"afa993e\" data-element_type=\"widget\" data-e-type=\"widget\" data-widget_type=\"text-editor.default\">\n\t\t\t\t<div class=\"elementor-widget-container\">\n\t\t\t\t\t\t\t\t\t<ul><li style=\"font-weight: 400;\" aria-level=\"1\"><span style=\"font-weight: 400;\">Het plukken van appels en peren en zorgvuldig in fruitkisten leggen.<br \/><br \/><\/span><\/li><li aria-level=\"1\"><span style=\"font-weight: 400;\">Het plukken van appels en peren op basis van kwaliteit en kleur.<br \/><br \/><\/span><\/li><li style=\"font-weight: 400;\" aria-level=\"1\"><span style=\"font-weight: 400;\">Samen met het team zorgen voor een goede oogst \u00e9n een onvergetelijke tijd op ons bedrijf.<\/span><\/li><\/ul>\t\t\t\t\t\t\t\t<\/div>\n\t\t\t\t<\/div>\n\t\t\t\t<\/div>\n\t\t\t\t<div class=\"elementor-element elementor-element-a52c9c3 elementor-widget-tablet__width-inherit elementor-invisible elementor-widget elementor-widget-heading\" data-id=\"a52c9c3\" data-element_type=\"widget\" data-e-type=\"widget\" data-settings=\"{&quot;_animation&quot;:&quot;fadeIn&quot;}\" data-widget_type=\"heading.default\">\n\t\t\t\t<div class=\"elementor-widget-container\">\n\t\t\t\t\t<h2 class=\"elementor-heading-title elementor-size-default\">Wat bieden wij jou?<\/h2>\t\t\t\t<\/div>\n\t\t\t\t<\/div>\n\t\t<div class=\"elementor-element elementor-element-fdc35b7 e-con-full e-flex e-con e-child\" data-id=\"fdc35b7\" data-element_type=\"container\" data-e-type=\"container\">\n\t\t<div class=\"elementor-element elementor-element-3c1dd8c e-con-full e-flex e-con e-child\" data-id=\"3c1dd8c\" data-element_type=\"container\" data-e-type=\"container\">\n\t\t\t\t<div class=\"elementor-element elementor-element-b5f2e80 elementor-widget elementor-widget-text-editor\" data-id=\"b5f2e80\" data-element_type=\"widget\" data-e-type=\"widget\" data-widget_type=\"text-editor.default\">\n\t\t\t\t<div class=\"elementor-widget-container\">\n\t\t\t\t\t\t\t\t\t<ul><li style=\"font-weight: 400;\" aria-level=\"1\"><b>Rodzaj umowy:<\/b><span style=\"font-weight: 400;\"><span style=\"font-weight: 400;\"><span style=\"font-weight: 400;\"> Praca sezonowa (do pa\u017adziernika\/listopada, z mo\u017cliwo\u015bci\u0105 przed\u0142u\u017cenia).<br \/><br \/><\/span><\/span><\/span><\/li><li style=\"font-weight: 400;\" aria-level=\"1\"><b>Stawka godzinowa:<\/b><span style=\"font-weight: 400;\"><span style=\"font-weight: 400;\"> \u20ac14,71 brutto za godzin\u0119.<br \/><br \/><\/span><\/span><\/li><li style=\"font-weight: 400;\" aria-level=\"1\"><b>Wyp\u0142ata:<\/b><span style=\"font-weight: 400;\"><span style=\"font-weight: 400;\"> Miesi\u0119czna, przelewem bankowym.<br \/><br \/><\/span><\/span><\/li><\/ul><ul><li style=\"font-weight: 400;\" aria-level=\"1\"><b>Godziny pracy:<\/b><span style=\"font-weight: 400;\"> Poniedzia\u0142ek\u2013pi\u0105tek od 07:30 do 18:00, soboty do 12:00 (czasem do 18:00). <\/span><i><i><span style=\"font-weight: 400;\">Godziny pracy mog\u0105 si\u0119 r\u00f3\u017cni\u0107 w zale\u017cno\u015bci od pogody.<br \/><br \/><\/span><\/i><\/i><\/li><\/ul><ul><li style=\"font-weight: 400;\" aria-level=\"1\"><b>Przerwy: <span style=\"font-weight: 400;\">Wszystkie przerwy s\u0105 niep\u0142atne.<\/span><\/b><b><br \/><\/b><ul><li style=\"font-weight: 400;\" aria-level=\"2\"><span style=\"font-weight: 400;\">15 min przerwy kawowe rano i po po\u0142udniu<\/span><span style=\"font-weight: 400;\"><br \/><\/span><\/li><li style=\"font-weight: 400;\" aria-level=\"2\"><span style=\"font-weight: 400;\"><span style=\"font-weight: 400;\"><span style=\"font-weight: 400;\">1 godz. przerwa obiadowa od 12:00 do 13:00<br \/><br \/><\/span><\/span><\/span><\/li><\/ul><\/li><\/ul><ul><li style=\"font-weight: 400;\" aria-level=\"1\"><b>Atmosfera pracy:<\/b><span style=\"font-weight: 400;\"><span style=\"font-weight: 400;\"><span style=\"font-weight: 400;\"> Przyjazna, rodzinna atmosfera, praca na \u015bwie\u017cym powietrzu oraz impreza na zako\u0144czenie sezonu!<br \/><br \/><\/span><\/span><\/span><\/li><\/ul><ul><li style=\"font-weight: 400;\" aria-level=\"1\"><span style=\"font-weight: 400;\"><span style=\"font-weight: 400;\"><b style=\"font-family: -apple-system, BlinkMacSystemFont, 'Segoe UI', Roboto, 'Helvetica Neue', Arial, 'Noto Sans', sans-serif, 'Apple Color Emoji', 'Segoe UI Emoji', 'Segoe UI Symbol', 'Noto Color Emoji';\">Ubezpieczenie zdrowotne:<\/b><span style=\"font-weight: 400;\"> HollandZorg \u2013 \u20ac5,56 dziennie (ka\u017cdego roku wnioskujemy o dodatek zdrowotny, kt\u00f3ry pokrywa wi\u0119kszo\u015b\u0107 koszt\u00f3w).<br \/><br \/><\/span><\/span><\/span><\/li><\/ul><ul><li style=\"font-weight: 400;\" aria-level=\"1\"><b>Zakwaterowanie:<\/b><span style=\"font-weight: 400;\"><span style=\"font-weight: 400;\"> Na miejscu, w pe\u0142ni umeblowane mieszkania 2- lub 3-osobowe \u2013 \u20ac11,47 dziennie.<br \/><br \/><\/span><\/span><\/li><\/ul><ul><li style=\"font-weight: 400;\" aria-level=\"1\"><a href=\"https:\/\/fruitbedrijfvanwestreenen.nl\/pl\/fotogalerij\/\" target=\"_blank\" rel=\"noopener\"><b>Zdj\u0119cia zakwaterowania znajdziesz tutaj.<\/b><\/a><\/li><\/ul>\t\t\t\t\t\t\t\t<\/div>\n\t\t\t\t<\/div>\n\t\t\t\t<\/div>\n\t\t\t\t<\/div>\n\t\t\t\t<\/div>\n\t\t<div class=\"elementor-element elementor-element-add881f e-con-full e-flex e-con e-child\" data-id=\"add881f\" data-element_type=\"container\" data-e-type=\"container\">\n\t\t\t\t<div class=\"elementor-element elementor-element-4637f94 elementor-widget-tablet__width-inherit elementor-invisible elementor-widget elementor-widget-heading\" data-id=\"4637f94\" data-element_type=\"widget\" data-e-type=\"widget\" data-settings=\"{&quot;_animation&quot;:&quot;fadeIn&quot;}\" data-widget_type=\"heading.default\">\n\t\t\t\t<div class=\"elementor-widget-container\">\n\t\t\t\t\t<h2 class=\"elementor-heading-title elementor-size-default\">Wat vragen we van jou?<\/h2>\t\t\t\t<\/div>\n\t\t\t\t<\/div>\n\t\t<div class=\"elementor-element elementor-element-85b0e53 e-con-full e-flex e-con e-child\" data-id=\"85b0e53\" data-element_type=\"container\" data-e-type=\"container\">\n\t\t\t\t<div class=\"elementor-element elementor-element-a077c47 elementor-widget elementor-widget-text-editor\" data-id=\"a077c47\" data-element_type=\"widget\" data-e-type=\"widget\" data-widget_type=\"text-editor.default\">\n\t\t\t\t<div class=\"elementor-widget-container\">\n\t\t\t\t\t<style>.elementor-element-a077c47{display:none !important}<\/style>\t\t\t\t<\/div>\n\t\t\t\t<\/div>\n\t\t\t\t<div class=\"elementor-element elementor-element-c4f41c0 elementor-widget elementor-widget-text-editor\" data-id=\"c4f41c0\" data-element_type=\"widget\" data-e-type=\"widget\" data-widget_type=\"text-editor.default\">\n\t\t\t\t<div class=\"elementor-widget-container\">\n\t\t\t\t\t\t\t\t\t<ul><li style=\"font-weight: 400;\" aria-level=\"1\"><span style=\"font-weight: 400;\">Dost\u0119pno\u015b\u0107 od <\/span><b>25 sierpnia<\/b><span style=\"font-weight: 400;\"> \u2013 najlepiej a\u017c do ko\u0144ca zbior\u00f3w (pa\u017adziernik\/listopad).<\/span><span style=\"font-weight: 400;\"><br \/><br \/><\/span><\/li><li style=\"font-weight: 400;\" aria-level=\"1\"><span style=\"font-weight: 400;\">Zaanga\u017cowania, ch\u0119ci do pracy fizycznej i umiej\u0119tno\u015bci pracy zespo\u0142owej.<\/span><span style=\"font-weight: 400;\"><br \/><br \/><\/span><\/li><li style=\"font-weight: 400;\" aria-level=\"1\"><b>Numer BSN (holenderski numer identyfikacyjny):<\/b><span style=\"font-weight: 400;\"> Do pracy potrzebny jest numer BSN. Je\u015bli jeszcze go nie masz \u2013 nie ma problemu, pomo\u017cemy Ci w jego wyrobieniu na miejscu.<\/span><span style=\"font-weight: 400;\"><br \/><br \/><\/span><\/li><li style=\"font-weight: 400;\" aria-level=\"1\"><span style=\"font-weight: 400;\">Nie wymagamy znajomo\u015bci j\u0119zyka niderlandzkiego \u2013 wystarczy angielski lub polski.<\/span><\/li><\/ul>\t\t\t\t\t\t\t\t<\/div>\n\t\t\t\t<\/div>\n\t\t\t\t<div class=\"elementor-element elementor-element-633e80e elementor-widget elementor-widget-text-editor\" data-id=\"633e80e\" data-element_type=\"widget\" data-e-type=\"widget\" data-widget_type=\"text-editor.default\">\n\t\t\t\t<div class=\"elementor-widget-container\">\n\t\t\t\t\t<style>.elementor-element-633e80e{display:none !important}<\/style>\t\t\t\t<\/div>\n\t\t\t\t<\/div>\n\t\t\t\t<\/div>\n\t\t\t\t<\/div>\n\t\t\t\t\t<\/div>\n\t\t\t\t<\/div>\n\t\t<div class=\"elementor-element elementor-element-13c150f e-flex e-con-boxed e-con e-parent\" data-id=\"13c150f\" data-element_type=\"container\" data-e-type=\"container\">\n\t\t\t\t\t<div class=\"e-con-inner\">\n\t\t<div class=\"elementor-element elementor-element-b46c244 e-con-full e-flex e-con e-child\" data-id=\"b46c244\" data-element_type=\"container\" data-e-type=\"container\">\n\t\t\t\t<div class=\"elementor-element elementor-element-3392469 elementor-widget elementor-widget-image\" data-id=\"3392469\" data-element_type=\"widget\" data-e-type=\"widget\" data-widget_type=\"image.default\">\n\t\t\t\t<div class=\"elementor-widget-container\">\n\t\t\t\t\t\t\t\t\t\t\t\t\t\t\t<img fetchpriority=\"high\" decoding=\"async\" width=\"800\" height=\"533\" src=\"https:\/\/fruitbedrijfvanwestreenen.nl\/wp-content\/uploads\/2024\/04\/387863059_810061221123935_6903674915556612749_n-1024x682.jpeg\" class=\"attachment-large size-large wp-image-161\" alt=\"\" srcset=\"https:\/\/fruitbedrijfvanwestreenen.nl\/wp-content\/uploads\/2024\/04\/387863059_810061221123935_6903674915556612749_n-1024x682.jpeg 1024w, https:\/\/fruitbedrijfvanwestreenen.nl\/wp-content\/uploads\/2024\/04\/387863059_810061221123935_6903674915556612749_n-300x200.jpeg 300w, https:\/\/fruitbedrijfvanwestreenen.nl\/wp-content\/uploads\/2024\/04\/387863059_810061221123935_6903674915556612749_n-768x512.jpeg 768w, https:\/\/fruitbedrijfvanwestreenen.nl\/wp-content\/uploads\/2024\/04\/387863059_810061221123935_6903674915556612749_n-1536x1023.jpeg 1536w, https:\/\/fruitbedrijfvanwestreenen.nl\/wp-content\/uploads\/2024\/04\/387863059_810061221123935_6903674915556612749_n.jpeg 1600w\" sizes=\"(max-width: 800px) 100vw, 800px\" \/>\t\t\t\t\t\t\t\t\t\t\t\t\t\t\t<\/div>\n\t\t\t\t<\/div>\n\t\t\t\t<\/div>\n\t\t\t\t\t<\/div>\n\t\t\t\t<\/div>\n\t\t<div class=\"elementor-element elementor-element-0ca2394 e-flex e-con-boxed e-con e-parent\" data-id=\"0ca2394\" data-element_type=\"container\" data-e-type=\"container\" data-settings=\"{&quot;background_background&quot;:&quot;classic&quot;}\" data-no-translation=\"\">\n\t\t\t\t\t<div class=\"e-con-inner\">\n\t\t<div class=\"elementor-element elementor-element-724dd06 e-con-full e-flex e-con e-child\" data-id=\"724dd06\" data-element_type=\"container\" data-e-type=\"container\">\n\t\t<div class=\"elementor-element elementor-element-c46afd7 e-con-full e-flex e-con e-child\" data-id=\"c46afd7\" data-element_type=\"container\" data-e-type=\"container\">\n\t\t\t\t<div class=\"elementor-element elementor-element-13b5893 elementor-invisible elementor-widget elementor-widget-heading\" data-id=\"13b5893\" data-element_type=\"widget\" data-e-type=\"widget\" data-settings=\"{&quot;_animation&quot;:&quot;fadeIn&quot;}\" data-widget_type=\"heading.default\">\n\t\t\t\t<div class=\"elementor-widget-container\">\n\t\t\t\t\t<h2 class=\"elementor-heading-title elementor-size-default\">Aplikuj od razu!<\/h2>\t\t\t\t<\/div>\n\t\t\t\t<\/div>\n\t\t\t\t<div class=\"elementor-element elementor-element-a34d8e7 elementor-widget-tablet__width-inherit elementor-invisible elementor-widget elementor-widget-heading\" data-id=\"a34d8e7\" data-element_type=\"widget\" data-e-type=\"widget\" data-settings=\"{&quot;_animation&quot;:&quot;fadeIn&quot;}\" data-widget_type=\"heading.default\">\n\t\t\t\t<div class=\"elementor-widget-container\">\n\t\t\t\t\t<h2 class=\"elementor-heading-title elementor-size-default\">Zostaw swoje dane, a my szybko si\u0119 z Tob\u0105 skontaktujemy. Cieszymy si\u0119 na mo\u017cliwo\u015b\u0107 powitania Ci\u0119 w naszym zespole zbieraczy.<\/h2>\t\t\t\t<\/div>\n\t\t\t\t<\/div>\n\t\t\t\t<\/div>\n\t\t\t\t<\/div>\n\t\t<div class=\"elementor-element elementor-element-0b976b5 e-con-full vacature e-flex e-con e-child\" data-id=\"0b976b5\" data-element_type=\"container\" data-e-type=\"container\" id=\"vacature\" data-settings=\"{&quot;background_background&quot;:&quot;classic&quot;}\">\n\t\t\t\t<div class=\"elementor-element elementor-element-66542a1 elementor-tablet-button-align-end elementor-mobile-button-align-stretch elementor-widget-tablet__width-inherit elementor-widget__width-initial elementor-button-align-end elementor-widget elementor-widget-form\" data-id=\"66542a1\" data-element_type=\"widget\" data-e-type=\"widget\" data-settings=\"{&quot;step_next_label&quot;:&quot;Next&quot;,&quot;step_previous_label&quot;:&quot;Previous&quot;,&quot;step_type&quot;:&quot;number_text&quot;,&quot;step_icon_shape&quot;:&quot;circle&quot;}\" data-widget_type=\"form.default\">\n\t\t\t\t<div class=\"elementor-widget-container\">\n\t\t\t\t\t\t\t<form class=\"elementor-form\" method=\"post\" id=\"Polish\" name=\"Sollicitatie Formulier Pools\" aria-label=\"Sollicitatie Formulier Pools\">\n\t\t\t<input type=\"hidden\" name=\"post_id\" value=\"91\"\/>\n\t\t\t<input type=\"hidden\" name=\"form_id\" value=\"66542a1\"\/>\n\t\t\t<input type=\"hidden\" name=\"referer_title\" value=\"\" \/>\n\n\t\t\t\n\t\t\t<div class=\"elementor-form-fields-wrapper elementor-labels-above\">\n\t\t\t\t\t\t\t\t<div class=\"elementor-field-type-text elementor-field-group elementor-column elementor-field-group-field_d94d596 elementor-col-50\">\n\t\t\t\t\t\t\t\t\t\t\t\t\t<input size=\"1\" type=\"text\" name=\"form_fields[field_d94d596]\" id=\"form-field-field_d94d596\" class=\"elementor-field elementor-size-lg  elementor-field-textual\" placeholder=\"Imi\u0119\">\n\t\t\t\t\t\t\t\t\t\t\t<\/div>\n\t\t\t\t\t\t\t\t<div class=\"elementor-field-type-text elementor-field-group elementor-column elementor-field-group-field_cb44780 elementor-col-50\">\n\t\t\t\t\t\t\t\t\t\t\t\t\t<input size=\"1\" type=\"text\" name=\"form_fields[field_cb44780]\" id=\"form-field-field_cb44780\" class=\"elementor-field elementor-size-lg  elementor-field-textual\" placeholder=\"Nazwisko\">\n\t\t\t\t\t\t\t\t\t\t\t<\/div>\n\t\t\t\t\t\t\t\t<div class=\"elementor-field-type-email elementor-field-group elementor-column elementor-field-group-emailPL elementor-col-100\">\n\t\t\t\t\t\t\t\t\t\t\t\t\t<input size=\"1\" type=\"email\" name=\"form_fields[emailPL]\" id=\"form-field-emailPL\" class=\"elementor-field elementor-size-lg  elementor-field-textual\" placeholder=\"Adres e-mail\">\n\t\t\t\t\t\t\t\t\t\t\t<\/div>\n\t\t\t\t\t\t\t\t<div class=\"elementor-field-type-checkbox elementor-field-group elementor-column elementor-field-group-field_ad2d15a elementor-col-100\">\n\t\t\t\t\t\t\t\t\t\t\t\t<label for=\"form-field-field_ad2d15a\" class=\"elementor-field-label\">\n\t\t\t\t\t\t\t\tCzy masz BSN? (Holenderski numer podatkowy)\t\t\t\t\t\t\t<\/label>\n\t\t\t\t\t\t<div class=\"elementor-field-subgroup  \"><span class=\"elementor-field-option\"><input type=\"checkbox\" value=\"Tak\" id=\"form-field-field_ad2d15a-0\" name=\"form_fields[field_ad2d15a][]\"> <label for=\"form-field-field_ad2d15a-0\">Tak<\/label><\/span><span class=\"elementor-field-option\"><input type=\"checkbox\" value=\" Nie\" id=\"form-field-field_ad2d15a-1\" name=\"form_fields[field_ad2d15a][]\"> <label for=\"form-field-field_ad2d15a-1\">Nie <span class=\"extra-info\">(Je\u015bli nie posiadasz numeru BSN, zorganizujemy to za Ciebie)<\/span> <\/label><\/span><\/div>\t\t\t\t<\/div>\n\t\t\t\t\t\t\t\t<div class=\"elementor-field-type-date elementor-field-group elementor-column elementor-field-group-field_3eda045 elementor-col-100 elementor-field-required\">\n\t\t\t\t\t\t\t\t\t\t\t\t<label for=\"form-field-field_3eda045\" class=\"elementor-field-label\">\n\t\t\t\t\t\t\t\tOd kiedy jeste\u015b dost\u0119pny?\t\t\t\t\t\t\t<\/label>\n\t\t\t\t\t\t\n\t\t<input type=\"date\" name=\"form_fields[field_3eda045]\" id=\"form-field-field_3eda045\" class=\"elementor-field elementor-size-lg  elementor-field-textual elementor-date-field elementor-use-native\" placeholder=\"Aankomstdatum*\" required=\"required\" pattern=\"[0-9]{4}-[0-9]{2}-[0-9]{2}\">\n\t\t\t\t\t\t<\/div>\n\t\t\t\t\t\t\t\t<div class=\"elementor-field-type-date elementor-field-group elementor-column elementor-field-group-field_5e560f3 elementor-col-100 elementor-field-required\">\n\t\t\t\t\t\t\t\t\t\t\t\t<label for=\"form-field-field_5e560f3\" class=\"elementor-field-label\">\n\t\t\t\t\t\t\t\tDo kiedy jeste\u015b dost\u0119pny?\t\t\t\t\t\t\t<\/label>\n\t\t\t\t\t\t\n\t\t<input type=\"date\" name=\"form_fields[field_5e560f3]\" id=\"form-field-field_5e560f3\" class=\"elementor-field elementor-size-lg  elementor-field-textual elementor-date-field elementor-use-native\" placeholder=\"Einddatum\" required=\"required\" pattern=\"[0-9]{4}-[0-9]{2}-[0-9]{2}\">\n\t\t\t\t\t\t<\/div>\n\t\t\t\t\t\t\t\t<div class=\"elementor-field-type-textarea elementor-field-group elementor-column elementor-field-group-field_1fe416f elementor-col-100\">\n\t\t\t\t\t<textarea class=\"elementor-field-textual elementor-field  elementor-size-lg\" name=\"form_fields[field_1fe416f]\" id=\"form-field-field_1fe416f\" rows=\"5\" placeholder=\"Dlaczego to praca wydaje Ci si\u0119 interesuj\u0105ca? (opcjonalnie)\"><\/textarea>\t\t\t\t<\/div>\n\t\t\t\t\t\t\t\t<div class=\"elementor-field-type-html elementor-field-group elementor-column elementor-field-group-field_327be75 elementor-col-100\">\n\t\t\t\t\t<p><span style=\"text-transform: none;\">Prywatno\u015b\u0107 jest wa\u017cna zar\u00f3wno dla Ciebie, jak i dla nas. Ostro\u017cnie obchodzimy si\u0119 z Twoimi danymi.<\/span><\/p>\t\t\t\t<\/div>\n\t\t\t\t\t\t\t\t<div class=\"elementor-field-type-recaptcha_v3 elementor-field-group elementor-column elementor-field-group-field_686c665 elementor-col-100 recaptcha_v3-inline\">\n\t\t\t\t\t<div class=\"elementor-field\" id=\"form-field-field_686c665\"><div class=\"elementor-g-recaptcha\" data-sitekey=\"6LfXF9kpAAAAAFHtGo5a7ulKDq2P-rKgnLGw2zoF\" data-type=\"v3\" data-action=\"Form\" data-badge=\"inline\" data-size=\"invisible\"><\/div><\/div>\t\t\t\t<\/div>\n\t\t\t\t\t\t\t\t<div class=\"elementor-field-group elementor-column elementor-field-type-submit elementor-col-100 e-form__buttons\">\n\t\t\t\t\t<button class=\"elementor-button elementor-size-sm\" type=\"submit\">\n\t\t\t\t\t\t<span class=\"elementor-button-content-wrapper\">\n\t\t\t\t\t\t\t\t\t\t\t\t\t\t\t\t\t\t\t\t\t\t<span class=\"elementor-button-text\">wys\u0142a\u0107<\/span>\n\t\t\t\t\t\t\t\t\t\t\t\t\t<\/span>\n\t\t\t\t\t<\/button>\n\t\t\t\t<\/div>\n\t\t\t<\/div>\n\t\t<\/form>\n\t\t\t\t\t\t<\/div>\n\t\t\t\t<\/div>\n\t\t\t\t<\/div>\n\t\t\t\t\t<\/div>\n\t\t\t\t<\/div>\n\t\t\t\t<\/div>\n\t\t","protected":false},"excerpt":{"rendered":"<p>Fruitplukkers gezocht! Fruitplukkers gezocht! Het plukseizoen gaat van start \u2013 kom jij ons team versterken? Op maandag 25 augustus starten we bij Fruitbedrijf van Westreenen met het plukken van onze heerlijke appels en peren. Wil jij deel uitmaken van ons gezellige plukteam? Lees snel verder en solliciteer direct! Wat ga je doen? Het plukken van [&hellip;]<\/p>\n","protected":false},"author":7,"featured_media":0,"parent":0,"menu_order":0,"comment_status":"closed","ping_status":"closed","template":"elementor_header_footer","meta":{"footnotes":""},"class_list":["post-91","page","type-page","status-publish","hentry"],"_links":{"self":[{"href":"https:\/\/fruitbedrijfvanwestreenen.nl\/pl\/wp-json\/wp\/v2\/pages\/91","targetHints":{"allow":["GET"]}}],"collection":[{"href":"https:\/\/fruitbedrijfvanwestreenen.nl\/pl\/wp-json\/wp\/v2\/pages"}],"about":[{"href":"https:\/\/fruitbedrijfvanwestreenen.nl\/pl\/wp-json\/wp\/v2\/types\/page"}],"author":[{"embeddable":true,"href":"https:\/\/fruitbedrijfvanwestreenen.nl\/pl\/wp-json\/wp\/v2\/users\/7"}],"replies":[{"embeddable":true,"href":"https:\/\/fruitbedrijfvanwestreenen.nl\/pl\/wp-json\/wp\/v2\/comments?post=91"}],"version-history":[{"count":25,"href":"https:\/\/fruitbedrijfvanwestreenen.nl\/pl\/wp-json\/wp\/v2\/pages\/91\/revisions"}],"predecessor-version":[{"id":1620,"href":"https:\/\/fruitbedrijfvanwestreenen.nl\/pl\/wp-json\/wp\/v2\/pages\/91\/revisions\/1620"}],"wp:attachment":[{"href":"https:\/\/fruitbedrijfvanwestreenen.nl\/pl\/wp-json\/wp\/v2\/media?parent=91"}],"curies":[{"name":"wp","href":"https:\/\/api.w.org\/{rel}","templated":true}]}}