{"id":70,"date":"2024-03-27T02:21:44","date_gmt":"2024-03-27T02:21:44","guid":{"rendered":"https:\/\/fruitbedrijfvanwestreenen.nl\/about\/"},"modified":"2025-06-07T17:50:30","modified_gmt":"2025-06-07T17:50:30","slug":"over-ons","status":"publish","type":"page","link":"https:\/\/fruitbedrijfvanwestreenen.nl\/pl\/over-ons\/","title":{"rendered":"O nas"},"content":{"rendered":"<div data-elementor-type=\"wp-page\" data-elementor-id=\"70\" class=\"elementor elementor-70\" data-elementor-post-type=\"page\">\n\t\t\t\t<div class=\"elementor-element elementor-element-51c7285 e-con-full e-flex e-con e-parent\" data-id=\"51c7285\" data-element_type=\"container\" data-e-type=\"container\" data-settings=\"{&quot;background_background&quot;:&quot;classic&quot;}\">\n\t\t<div class=\"elementor-element elementor-element-b83285c e-flex e-con-boxed e-con e-child\" data-id=\"b83285c\" data-element_type=\"container\" data-e-type=\"container\">\n\t\t\t\t\t<div class=\"e-con-inner\">\n\t\t\t\t\t<\/div>\n\t\t\t\t<\/div>\n\t\t<div class=\"elementor-element elementor-element-8c353f5 animated-fast e-con-full elementor-hidden-mobile elementor-hidden-tablet e-flex elementor-invisible e-con e-child\" data-id=\"8c353f5\" data-element_type=\"container\" data-e-type=\"container\" data-settings=\"{&quot;background_background&quot;:&quot;classic&quot;,&quot;animation&quot;:&quot;slideInUp&quot;,&quot;animation_delay&quot;:600}\">\n\t\t<div class=\"elementor-element elementor-element-948a550 e-con-full e-flex e-con e-child\" data-id=\"948a550\" data-element_type=\"container\" data-e-type=\"container\">\n\t\t\t\t<div class=\"elementor-element elementor-element-46072eb elementor-invisible elementor-widget elementor-widget-heading\" data-id=\"46072eb\" data-element_type=\"widget\" data-e-type=\"widget\" data-settings=\"{&quot;_animation&quot;:&quot;fadeIn&quot;}\" data-widget_type=\"heading.default\">\n\t\t\t\t<div class=\"elementor-widget-container\">\n\t\t\t\t\t<h1 class=\"elementor-heading-title elementor-size-default\">O nas<\/h1>\t\t\t\t<\/div>\n\t\t\t\t<\/div>\n\t\t\t\t<\/div>\n\t\t\t\t<\/div>\n\t\t<div class=\"elementor-element elementor-element-22ca7fe animated-fast e-con-full elementor-hidden-desktop e-flex elementor-invisible e-con e-child\" data-id=\"22ca7fe\" data-element_type=\"container\" data-e-type=\"container\" data-settings=\"{&quot;background_background&quot;:&quot;classic&quot;,&quot;animation&quot;:&quot;slideInUp&quot;,&quot;animation_delay&quot;:600}\">\n\t\t<div class=\"elementor-element elementor-element-b46e45a e-con-full e-flex e-con e-child\" data-id=\"b46e45a\" data-element_type=\"container\" data-e-type=\"container\">\n\t\t\t\t<div class=\"elementor-element elementor-element-405ffda elementor-invisible elementor-widget elementor-widget-heading\" data-id=\"405ffda\" data-element_type=\"widget\" data-e-type=\"widget\" data-settings=\"{&quot;_animation&quot;:&quot;fadeIn&quot;}\" data-widget_type=\"heading.default\">\n\t\t\t\t<div class=\"elementor-widget-container\">\n\t\t\t\t\t<h1 class=\"elementor-heading-title elementor-size-default\">O nas<\/h1>\t\t\t\t<\/div>\n\t\t\t\t<\/div>\n\t\t\t\t<\/div>\n\t\t\t\t<\/div>\n\t\t\t\t<\/div>\n\t\t<div class=\"elementor-element elementor-element-1d4d8ec e-flex e-con-boxed e-con e-parent\" data-id=\"1d4d8ec\" data-element_type=\"container\" data-e-type=\"container\" data-settings=\"{&quot;background_background&quot;:&quot;classic&quot;}\">\n\t\t\t\t\t<div class=\"e-con-inner\">\n\t\t<div class=\"elementor-element elementor-element-d81a5e e-con-full e-flex e-con e-child\" data-id=\"d81a5e\" data-element_type=\"container\" data-e-type=\"container\">\n\t\t\t\t<div class=\"elementor-element elementor-element-4e143c5 elementor-invisible elementor-widget elementor-widget-heading\" data-id=\"4e143c5\" data-element_type=\"widget\" data-e-type=\"widget\" data-settings=\"{&quot;_animation&quot;:&quot;fadeIn&quot;}\" data-widget_type=\"heading.default\">\n\t\t\t\t<div class=\"elementor-widget-container\">\n\t\t\t\t\t<h2 class=\"elementor-heading-title elementor-size-default\">O Fruitbedrijf van Westreenen<\/h2>\t\t\t\t<\/div>\n\t\t\t\t<\/div>\n\t\t\t\t<div class=\"elementor-element elementor-element-5ec120e4 elementor-widget elementor-widget-text-editor\" data-id=\"5ec120e4\" data-element_type=\"widget\" data-e-type=\"widget\" data-widget_type=\"text-editor.default\">\n\t\t\t\t<div class=\"elementor-widget-container\">\n\t\t\t\t\t\t\t\t\t<p><span style=\"font-weight: 400;\">Firma owocowa Van Westreenen zajmuje si\u0119 upraw\u0105 jab\u0142ek i gruszek od 1921 roku. Od trzech pokole\u0144 firma przekazywana jest z ojca na syna. Berend Jan jest obecnie w\u0142a\u015bcicielem firmy w trzecim pokoleniu, w firmie pracuj\u0105 tak\u017ce jego syn Paul i c\u00f3rka Martine.\u00a0<\/span><\/p><p class=\"translation-block\">Firma owocowa Van Westreenen zaczyna\u0142a od zaledwie 3 hektar\u00f3w, ale obecnie rozros\u0142a si\u0119 do 75 hektar\u00f3w. Obecnie uprawiane s\u0105 3 odmiany jab\u0142oni (Kanzi, Elstar i Sprizzle) oraz 4 odmiany gruszy (Conference, Migo, Doyenn\u00e9 du Comice i Gieser Wildeman).<\/p><p class=\"translation-block\">Jeste\u015bmy cz\u0142onkiem sp\u00f3\u0142dzielni <\/span><b>FruitMasters<\/b><span style=\"font-weight: 400\">,  zrzeszenia holenderskich producent\u00f3w owoc\u00f3w.<\/p>\t\t\t\t\t\t\t\t<\/div>\n\t\t\t\t<\/div>\n\t\t\t\t<\/div>\n\t\t\t\t\t<\/div>\n\t\t\t\t<\/div>\n\t\t<div class=\"elementor-element elementor-element-6460feff e-con-full e-flex e-con e-parent\" data-id=\"6460feff\" data-element_type=\"container\" data-e-type=\"container\" data-settings=\"{&quot;background_background&quot;:&quot;gradient&quot;}\">\n\t\t<div class=\"elementor-element elementor-element-e000e08 e-con-full e-flex e-con e-child\" data-id=\"e000e08\" data-element_type=\"container\" data-e-type=\"container\">\n\t\t<div class=\"elementor-element elementor-element-16178dd9 e-con-full e-flex e-con e-child\" data-id=\"16178dd9\" data-element_type=\"container\" data-e-type=\"container\">\n\t\t\t\t<div class=\"elementor-element elementor-element-bdaba05 elementor-align-justify elementor-widget__width-initial elementor-invisible elementor-widget elementor-widget-button\" data-id=\"bdaba05\" data-element_type=\"widget\" data-e-type=\"widget\" data-settings=\"{&quot;_animation&quot;:&quot;fadeIn&quot;,&quot;_animation_delay&quot;:450}\" data-widget_type=\"button.default\">\n\t\t\t\t<div class=\"elementor-widget-container\">\n\t\t\t\t\t\t\t\t\t<div class=\"elementor-button-wrapper\">\n\t\t\t\t\t<a class=\"elementor-button elementor-button-link elementor-size-sm\" href=\"https:\/\/fruitbedrijfvanwestreenen.nl\/pl\/#vacature\">\n\t\t\t\t\t\t<span class=\"elementor-button-content-wrapper\">\n\t\t\t\t\t\t\t\t\t<span class=\"elementor-button-text\">Aplikuj teraz<\/span>\n\t\t\t\t\t<\/span>\n\t\t\t\t\t<\/a>\n\t\t\t\t<\/div>\n\t\t\t\t\t\t\t\t<\/div>\n\t\t\t\t<\/div>\n\t\t\t\t<\/div>\n\t\t\t\t<div class=\"elementor-element elementor-element-ec5caec elementor-widget elementor-widget-video\" data-id=\"ec5caec\" data-element_type=\"widget\" data-e-type=\"widget\" data-settings=\"{&quot;video_type&quot;:&quot;hosted&quot;,&quot;controls&quot;:&quot;yes&quot;}\" data-widget_type=\"video.default\">\n\t\t\t\t<div class=\"elementor-widget-container\">\n\t\t\t\t\t\t\t<div class=\"e-hosted-video elementor-wrapper elementor-open-inline\">\n\t\t\t\t\t<video class=\"elementor-video\" src=\"https:\/\/fruitbedrijfvanwestreenen.nl\/wp-content\/uploads\/2024\/SFTP\/220818 - Fruitmasters_Westreenen DEF (ENG SUBS).mp4\" controls=\"\" preload=\"metadata\" controlslist=\"nodownload\" poster=\"https:\/\/fruitbedrijfvanwestreenen.nl\/wp-content\/uploads\/2024\/04\/Screenshot-2024-04-28-at-01.18.42-scaled.jpg\"><\/video>\n\t\t\t\t<\/div>\n\t\t\t\t\t\t<\/div>\n\t\t\t\t<\/div>\n\t\t\t\t<\/div>\n\t\t\t\t<\/div>\n\t\t\t\t<\/div>","protected":false},"excerpt":{"rendered":"<p>Over ons Over ons Over Fruitbedrijf van Westreenen Fruitbedrijf van Westreenen teelt al sinds 1921 appels en peren. Het bedrijf is al drie generaties lang van vader op zoon overgegaan. Momenteel is Berend Jan als derde generatie de eigenaar van het bedrijf, en werken zijn zoon Paul en dochter Martine actief mee.\u00a0 Het fruitbedrijf begon [&hellip;]<\/p>\n","protected":false},"author":7,"featured_media":0,"parent":0,"menu_order":0,"comment_status":"closed","ping_status":"closed","template":"elementor_header_footer","meta":{"footnotes":""},"class_list":["post-70","page","type-page","status-publish","hentry"],"_links":{"self":[{"href":"https:\/\/fruitbedrijfvanwestreenen.nl\/pl\/wp-json\/wp\/v2\/pages\/70","targetHints":{"allow":["GET"]}}],"collection":[{"href":"https:\/\/fruitbedrijfvanwestreenen.nl\/pl\/wp-json\/wp\/v2\/pages"}],"about":[{"href":"https:\/\/fruitbedrijfvanwestreenen.nl\/pl\/wp-json\/wp\/v2\/types\/page"}],"author":[{"embeddable":true,"href":"https:\/\/fruitbedrijfvanwestreenen.nl\/pl\/wp-json\/wp\/v2\/users\/7"}],"replies":[{"embeddable":true,"href":"https:\/\/fruitbedrijfvanwestreenen.nl\/pl\/wp-json\/wp\/v2\/comments?post=70"}],"version-history":[{"count":25,"href":"https:\/\/fruitbedrijfvanwestreenen.nl\/pl\/wp-json\/wp\/v2\/pages\/70\/revisions"}],"predecessor-version":[{"id":1555,"href":"https:\/\/fruitbedrijfvanwestreenen.nl\/pl\/wp-json\/wp\/v2\/pages\/70\/revisions\/1555"}],"wp:attachment":[{"href":"https:\/\/fruitbedrijfvanwestreenen.nl\/pl\/wp-json\/wp\/v2\/media?parent=70"}],"curies":[{"name":"wp","href":"https:\/\/api.w.org\/{rel}","templated":true}]}}